{"id":33,"date":"2021-02-04T11:34:50","date_gmt":"2021-02-04T14:34:50","guid":{"rendered":"https:\/\/www.gmatchile.cl\/new\/about\/"},"modified":"2021-07-06T07:53:08","modified_gmt":"2021-07-06T10:53:08","slug":"about","status":"publish","type":"page","link":"https:\/\/www.gmatchile.cl\/new\/about\/","title":{"rendered":"About"},"content":{"rendered":"\r\n\r\n\r\nSobre nosotros\r\n\r\n\r\n\r\n\r\n#Que hacemos\r\nSomos new gmatchile&nbsp;\r\nAyudando a alcanzar tus sue\u00f1os, Open your mind!&nbsp;\r\n<p><strong>En <a title=\"clases GMAT QUANT, GRE QUANT, SAT QUANT\" href=\"https:\/\/www.gmatchile.cl\/new\/\" target=\"_blank\" rel=\"noopener\">gmatchile.cl\/new<\/a>, tenemos una nueva piel y siempre con nuestras clases particulares a domicilio y online en las cuales te entrenamos seg\u00fan tus expectativas, para que rindas con ventaja tu GMAT, tu GRE y tu SAT.<\/strong><\/p>\r\n\r\n<p style=\"font-size: 19px;\"><strong>Nuestros cursos preparaci\u00f3n GMAT QUANT, GRE QUANT y SAT QUANT, se basan en nuestro exclusivo Programa Open your Mind!<\/strong><\/p>\r\n\r\n<p><strong>Experimenta la experiencia de Open your Mind!<\/strong><\/p>\r\n\r\n<p><strong>Reserva tus clases ya!<\/strong><\/p>\r\n\r\n<p><span style=\"font-size: 21px;\"><strong>Claudio HurtadoEx docente UCConsultor razonamiento matem\u00e1ticoClases GMAT QUANT, GRE QUANT, SAT QUANTWhatsApp +56937780070 Correo clasesgmatchile@gmail.com Sitio web www.gmatchile.cl\/newDirecci\u00f3n Avenida Hernando de Aguirre 128 Oficina 904, Providencia Santiago Chile.<\/strong><\/span><\/p>\r\n\r\n\r\n\r\n\r\n\r\n\r\n\r\n\r\n\r\n\r\n\r\n\r\n\r\n\r\n\r\n\r\n\r\n\r\n\r\n\r\n\r\n\r\n\r\n\r\n#Qu\u00e9 es Open your mind?&nbsp;\r\nAprendiendo a abrir tu mente&nbsp;\r\n<p style=\"font-family:roboto;font-size:18px;font-weight:500;color:#000;line-height:1.5\">Nuestras clases en gmatchile.cl\/new\/, son enfocadas para mostrarte la importancia de enfrentar los t\u00f3picos matem\u00e1ticos de GMAT GRE o SAT, con apertura de mente.<\/p>\r\n\r\n\r\n\r\n\r\n\r\n\r\n\r\n\r\n\r\n\r\n\r\n\r\n\r\n\r\n\r\n\r\n\r\n\r\n\r\n\r\n#M\u00e9todo\r\n\r\n\r\n\r\n#Alumini\r\nUn m\u00e9todo de estudio&nbsp;\r\n<p style=\"font-family:roboto;font-size:18px;font-weight:500;color:#000;line-height:1.5\">Open your Mind, m\u00e9todo que va m\u00e1s all\u00e1 del curso GMAT QUANT, GRE QUANT o SAT QUANT&#8230;<\/p>\r\n\r\n\r\n\r\n\r\n\r\n\r\n\r\n\r\n\r\n#Nuestro Director\r\nLiderazgo con visi\u00f3n\r\n\r\n\r\n<p style=\"font-family:roboto;font-size:18px;font-weight:500;color:#000;line-height:1.5\">Claudio Hurtado, ex docente UC, consultor razonamiento matem\u00e1tico GMAT QUANT, GRE QUANT, SAT QUANT.&nbsp;<\/p>\r\n<p style=\"font-family:roboto;font-size:18px;font-weight:500;color:#000;line-height:1.5;letter-spacing:0.5px\"><span style=\"letter-spacing: normal;\">Creador del programa Open your mind!<\/span><\/p>\r\n\r\n\r\n\r\n\r\n<p style=\"font-family:roboto;font-size:15px;font-weight:400;color:#343434;line-height:1.5\">Director docente<\/p>\r\n\r\n\r\n\r\n\r\n\r\n\r\n\r\n\r\n\r\n\r\n<p>Hits: 482<\/p>","protected":false},"excerpt":{"rendered":"<p>Hits: 482<\/p>\n","protected":false},"author":0,"featured_media":0,"parent":0,"menu_order":0,"comment_status":"closed","ping_status":"closed","template":"","meta":{"footnotes":""},"class_list":["post-33","page","type-page","status-publish","hentry"],"_links":{"self":[{"href":"https:\/\/www.gmatchile.cl\/new\/wp-json\/wp\/v2\/pages\/33","targetHints":{"allow":["GET"]}}],"collection":[{"href":"https:\/\/www.gmatchile.cl\/new\/wp-json\/wp\/v2\/pages"}],"about":[{"href":"https:\/\/www.gmatchile.cl\/new\/wp-json\/wp\/v2\/types\/page"}],"replies":[{"embeddable":true,"href":"https:\/\/www.gmatchile.cl\/new\/wp-json\/wp\/v2\/comments?post=33"}],"version-history":[{"count":8,"href":"https:\/\/www.gmatchile.cl\/new\/wp-json\/wp\/v2\/pages\/33\/revisions"}],"predecessor-version":[{"id":188,"href":"https:\/\/www.gmatchile.cl\/new\/wp-json\/wp\/v2\/pages\/33\/revisions\/188"}],"wp:attachment":[{"href":"https:\/\/www.gmatchile.cl\/new\/wp-json\/wp\/v2\/media?parent=33"}],"curies":[{"name":"wp","href":"https:\/\/api.w.org\/{rel}","templated":true}]}}